{"id":91467,"date":"2024-01-25T18:31:57","date_gmt":"2024-01-26T00:31:57","guid":{"rendered":"https:\/\/programadestinosmexico.com\/?page_id=91467"},"modified":"2024-02-15T11:04:11","modified_gmt":"2024-02-15T17:04:11","slug":"aviso-de-privacidad","status":"publish","type":"page","link":"https:\/\/programadestinosmexico.com\/en\/aviso-de-privacidad\/","title":{"rendered":"Notice of privacy"},"content":{"rendered":"<div data-elementor-type=\"wp-post\" data-elementor-id=\"91467\" class=\"elementor elementor-91467\" data-elementor-post-type=\"page\">\n\t\t\t\t\t\t<section class=\"elementor-section elementor-top-section elementor-element elementor-element-262f7890 elementor-section-full_width elementor-hidden-mobile elementor-section-height-default elementor-section-height-default\" data-id=\"262f7890\" data-element_type=\"section\" data-e-type=\"section\" data-settings=\"{&quot;jet_parallax_layout_list&quot;:[]}\">\n\t\t\t\t\t\t<div class=\"elementor-container elementor-column-gap-default\">\n\t\t\t\t\t<div class=\"elementor-column elementor-col-100 elementor-top-column elementor-element elementor-element-c27901e\" data-id=\"c27901e\" data-element_type=\"column\" data-e-type=\"column\">\n\t\t\t<div class=\"elementor-widget-wrap elementor-element-populated\">\n\t\t\t\t\t\t<div class=\"elementor-element elementor-element-2ee1e0ba elementor-hidden-mobile elementor-widget elementor-widget-jet-slider\" data-id=\"2ee1e0ba\" data-element_type=\"widget\" data-e-type=\"widget\" data-settings=\"{&quot;slider_height&quot;:{&quot;unit&quot;:&quot;px&quot;,&quot;size&quot;:512,&quot;sizes&quot;:[]},&quot;slider_height_tablet&quot;:{&quot;unit&quot;:&quot;px&quot;,&quot;size&quot;:&quot;&quot;,&quot;sizes&quot;:[]},&quot;slider_height_mobile&quot;:{&quot;unit&quot;:&quot;px&quot;,&quot;size&quot;:&quot;&quot;,&quot;sizes&quot;:[]}}\" data-widget_type=\"jet-slider.default\">\n\t\t\t\t<div class=\"elementor-widget-container\">\n\t\t\t\t\t<div class=\"elementor-jet-slider jet-elements\">\n<div class=\"jet-slider jet-slider__image-exact\" data-settings='{&quot;sliderWidth&quot;:1,&quot;sliderHeight&quot;:1,&quot;sliderNavigation&quot;:false,&quot;sliderNavigationIcon&quot;:&quot;jet-slider__arrow-icon-2ee1e0ba&quot;,&quot;sliderNaviOnHover&quot;:false,&quot;sliderPagination&quot;:false,&quot;sliderAutoplay&quot;:true,&quot;sliderAutoplayDelay&quot;:5000,&quot;sliderAutoplayOnHover&quot;:&quot;pause&quot;,&quot;sliderFullScreen&quot;:false,&quot;sliderFullscreenIcon&quot;:&quot;jet-slider__fullscreen-icon-2ee1e0ba&quot;,&quot;sliderShuffle&quot;:false,&quot;sliderLoop&quot;:true,&quot;sliderFadeMode&quot;:false,&quot;slideDistance&quot;:1,&quot;slideDuration&quot;:500,&quot;imageScaleMode&quot;:&quot;exact&quot;,&quot;thumbnails&quot;:false,&quot;thumbnailWidth&quot;:120,&quot;thumbnailHeight&quot;:80,&quot;rightToLeft&quot;:false,&quot;touchswipe&quot;:true,&quot;fractionPag&quot;:false,&quot;fractionPrefix&quot;:&quot;&quot;,&quot;fractionSeparator&quot;:&quot;\\\/&quot;,&quot;fractionSuffix&quot;:&quot;&quot;,&quot;autoSliderHeight&quot;:false}'>\n\t\n<div  class=\"slider-pro\">\n\t<div class=\"jet-slider__arrow-icon-2ee1e0ba hidden-html\"><\/div><div class=\"jet-slider__fullscreen-icon-2ee1e0ba hidden-html\"><\/div>\t<div class=\"jet-slider__items sp-slides\">\n\n\n<div  class=\"jet-slider__item sp-slide elementor-repeater-item-35bb368\"><img decoding=\"async\" class=\"sp-image\" src=\"https:\/\/programadestinosmexico.com\/wp-content\/uploads\/2024\/01\/aviso-de-privacidad.jpg\" alt=\"aviso de privacidad\" loading=\"lazy\"><div class=\"jet-slider__content sp-layer\" data-position=\"centerCenter\" data-width=\"100%\" data-height=\"100%\" data-horizontal=\"0%\" data-show-transition=\"up\" data-show-duration=\"400\" data-show-delay=\"400\" >\n\t\t<div class=\"jet-slider__content-item\">\n\t\t\t<div class=\"jet-slider__content-inner\"> \n\n\t\t\t\t\t\t<div class=\"jet-slider__button-wrapper\">\t\t\t\t\t\t<\/div><\/div>\n\t\t<\/div>\n\t\t\t<\/div>\n<\/div>\n\n<\/div>\n<\/div>\n<\/div>\n<\/div>\t\t\t\t<\/div>\n\t\t\t\t<\/div>\n\t\t\t\t\t<\/div>\n\t\t<\/div>\n\t\t\t\t\t<\/div>\n\t\t<\/section>\n\t\t\t\t<section class=\"elementor-section elementor-top-section elementor-element elementor-element-6d61c11 elementor-section-full_width elementor-hidden-desktop elementor-hidden-tablet elementor-section-height-default elementor-section-height-default\" data-id=\"6d61c11\" data-element_type=\"section\" data-e-type=\"section\" data-settings=\"{&quot;jet_parallax_layout_list&quot;:[]}\">\n\t\t\t\t\t\t<div class=\"elementor-container elementor-column-gap-default\">\n\t\t\t\t\t<div class=\"elementor-column elementor-col-100 elementor-top-column elementor-element elementor-element-a1cee4b\" data-id=\"a1cee4b\" data-element_type=\"column\" data-e-type=\"column\">\n\t\t\t<div class=\"elementor-widget-wrap elementor-element-populated\">\n\t\t\t\t\t\t<div class=\"elementor-element elementor-element-efd31a0 elementor-widget elementor-widget-jet-slider\" data-id=\"efd31a0\" data-element_type=\"widget\" data-e-type=\"widget\" data-settings=\"{&quot;slider_height&quot;:{&quot;unit&quot;:&quot;px&quot;,&quot;size&quot;:512,&quot;sizes&quot;:[]},&quot;slider_height_tablet&quot;:{&quot;unit&quot;:&quot;px&quot;,&quot;size&quot;:&quot;&quot;,&quot;sizes&quot;:[]},&quot;slider_height_mobile&quot;:{&quot;unit&quot;:&quot;px&quot;,&quot;size&quot;:&quot;&quot;,&quot;sizes&quot;:[]}}\" data-widget_type=\"jet-slider.default\">\n\t\t\t\t<div class=\"elementor-widget-container\">\n\t\t\t\t\t<div class=\"elementor-jet-slider jet-elements\">\n<div class=\"jet-slider jet-slider__image-exact\" data-settings='{&quot;sliderWidth&quot;:1,&quot;sliderHeight&quot;:1,&quot;sliderNavigation&quot;:false,&quot;sliderNavigationIcon&quot;:&quot;jet-slider__arrow-icon-efd31a0&quot;,&quot;sliderNaviOnHover&quot;:false,&quot;sliderPagination&quot;:false,&quot;sliderAutoplay&quot;:true,&quot;sliderAutoplayDelay&quot;:5000,&quot;sliderAutoplayOnHover&quot;:&quot;pause&quot;,&quot;sliderFullScreen&quot;:false,&quot;sliderFullscreenIcon&quot;:&quot;jet-slider__fullscreen-icon-efd31a0&quot;,&quot;sliderShuffle&quot;:false,&quot;sliderLoop&quot;:true,&quot;sliderFadeMode&quot;:false,&quot;slideDistance&quot;:1,&quot;slideDuration&quot;:500,&quot;imageScaleMode&quot;:&quot;exact&quot;,&quot;thumbnails&quot;:false,&quot;thumbnailWidth&quot;:120,&quot;thumbnailHeight&quot;:80,&quot;rightToLeft&quot;:false,&quot;touchswipe&quot;:true,&quot;fractionPag&quot;:false,&quot;fractionPrefix&quot;:&quot;&quot;,&quot;fractionSeparator&quot;:&quot;\\\/&quot;,&quot;fractionSuffix&quot;:&quot;&quot;,&quot;autoSliderHeight&quot;:false}'>\n\t\n<div  class=\"slider-pro\">\n\t<div class=\"jet-slider__arrow-icon-efd31a0 hidden-html\"><\/div><div class=\"jet-slider__fullscreen-icon-efd31a0 hidden-html\"><\/div>\t<div class=\"jet-slider__items sp-slides\">\n\n\n<div  class=\"jet-slider__item sp-slide elementor-repeater-item-35bb368\"><img decoding=\"async\" class=\"sp-image\" src=\"https:\/\/programadestinosmexico.com\/wp-content\/uploads\/2024\/01\/aviso-de-privacidad.jpg\" alt=\"aviso de privacidad\" loading=\"lazy\"><div class=\"jet-slider__content sp-layer\" data-position=\"centerCenter\" data-width=\"100%\" data-height=\"100%\" data-horizontal=\"0%\" data-show-transition=\"up\" data-show-duration=\"400\" data-show-delay=\"400\" >\n\t\t<div class=\"jet-slider__content-item\">\n\t\t\t<div class=\"jet-slider__content-inner\"> \n\n\t\t\t\t\t\t<div class=\"jet-slider__button-wrapper\">\t\t\t\t\t\t<\/div><\/div>\n\t\t<\/div>\n\t\t\t<\/div>\n<\/div>\n\n<\/div>\n<\/div>\n<\/div>\n<\/div>\t\t\t\t<\/div>\n\t\t\t\t<\/div>\n\t\t\t\t\t<\/div>\n\t\t<\/div>\n\t\t\t\t\t<\/div>\n\t\t<\/section>\n\t\t<div class=\"elementor-element elementor-element-7969ed4 e-flex e-con-boxed e-con e-parent\" data-id=\"7969ed4\" data-element_type=\"container\" data-e-type=\"container\" data-settings=\"{&quot;jet_parallax_layout_list&quot;:[]}\">\n\t\t\t\t\t<div class=\"e-con-inner\">\n\t\t<div class=\"elementor-element elementor-element-4510d2a e-con-full animated-slow e-flex elementor-invisible e-con e-child\" data-id=\"4510d2a\" data-element_type=\"container\" data-e-type=\"container\" data-settings=\"{&quot;jet_parallax_layout_list&quot;:[],&quot;animation&quot;:&quot;fadeInLeft&quot;}\">\n\t\t<div class=\"elementor-element elementor-element-a829856 e-con-full animated-slow e-flex elementor-invisible e-con e-child\" data-id=\"a829856\" data-element_type=\"container\" data-e-type=\"container\" data-settings=\"{&quot;jet_parallax_layout_list&quot;:[],&quot;animation&quot;:&quot;fadeInLeft&quot;}\">\n\t\t<div class=\"elementor-element elementor-element-d699ba9 e-flex e-con-boxed e-con e-child\" data-id=\"d699ba9\" data-element_type=\"container\" data-e-type=\"container\" data-settings=\"{&quot;jet_parallax_layout_list&quot;:[],&quot;background_background&quot;:&quot;gradient&quot;}\">\n\t\t\t\t\t<div class=\"e-con-inner\">\n\t\t<div class=\"elementor-element elementor-element-7a25c99 e-con-full animated-slow e-flex elementor-invisible e-con e-child\" data-id=\"7a25c99\" data-element_type=\"container\" data-e-type=\"container\" data-settings=\"{&quot;jet_parallax_layout_list&quot;:[],&quot;animation&quot;:&quot;fadeInLeft&quot;,&quot;background_background&quot;:&quot;gradient&quot;}\">\n\t\t\t\t<div class=\"elementor-element elementor-element-e1055a7 elementor-widget__width-initial elementor-widget elementor-widget-text-editor\" data-id=\"e1055a7\" data-element_type=\"widget\" data-e-type=\"widget\" data-widget_type=\"text-editor.default\">\n\t\t\t\t<div class=\"elementor-widget-container\">\n\t\t\t\t\t\t\t\t\t<p>Notice of privacy<\/p>\t\t\t\t\t\t\t\t<\/div>\n\t\t\t\t<\/div>\n\t\t\t\t<\/div>\n\t\t\t\t\t<\/div>\n\t\t\t\t<\/div>\n\t\t\t\t<div class=\"elementor-element elementor-element-d436226 elementor-widget elementor-widget-text-editor\" data-id=\"d436226\" data-element_type=\"widget\" data-e-type=\"widget\" data-widget_type=\"text-editor.default\">\n\t\t\t\t<div class=\"elementor-widget-container\">\n\t\t\t\t\t\t\t\t\t<div><p>El presente Aviso de Privacidad tiene como objeto informarle sobre el tratamiento que se le dar\u00e1 a sus datos personales cuando los mismos son recabados, utilizados, almacenados y\/o transferidos por Programa Destinos M\u00e9xico, lo cual se lleva a cabo de conformidad con las disposiciones de la Ley Federal de Protecci\u00f3n de Datos Personales en Posesi\u00f3n de los Particulares (en adelante la \u201cLey\u201d).<\/p><\/div><div><p>Si usted tiene alguna pregunta o necesita informaci\u00f3n sobre algo que ver con la privacidad de datos, por favor p\u00f3ngase en contacto con Mirella Berra, Persona Encargada de la Protecci\u00f3n de Datos Personales de Programa Destinos M\u00e9xico al correo: info@pdestinosmex.com.<\/p><\/div>\t\t\t\t\t\t\t\t<\/div>\n\t\t\t\t<\/div>\n\t\t\t\t<div class=\"elementor-element elementor-element-2a2ff6a elementor-widget elementor-widget-text-editor\" data-id=\"2a2ff6a\" data-element_type=\"widget\" data-e-type=\"widget\" data-widget_type=\"text-editor.default\">\n\t\t\t\t<div class=\"elementor-widget-container\">\n\t\t\t\t\t\t\t\t\t<p><span style=\"text-decoration: underline;\"><strong>Los tipos de datos que recopilamos:<\/strong><\/span><\/p><p>Podremos solicitar, recabar y almacenar los Datos Personales como nombre, informaci\u00f3n de contacto, como n\u00famero de tel\u00e9fono, domicilio, direcci\u00f3n de e-mail y\/o datos fiscales, aquellos necesarios para que Programa Destinos M\u00e9xico le pueda ofrecer sus servicios.<\/p>\t\t\t\t\t\t\t\t<\/div>\n\t\t\t\t<\/div>\n\t\t\t\t<div class=\"elementor-element elementor-element-f704f84 elementor-widget elementor-widget-text-editor\" data-id=\"f704f84\" data-element_type=\"widget\" data-e-type=\"widget\" data-widget_type=\"text-editor.default\">\n\t\t\t\t<div class=\"elementor-widget-container\">\n\t\t\t\t\t\t\t\t\t<p><span style=\"text-decoration: underline;\"><strong>C\u00f3mo pueden ser utilizados y divulgados los datos:<\/strong><\/span><\/p><div><p>Programa Destinos M\u00e9xico utiliza su informaci\u00f3n personal con prop\u00f3sitos de brindarle el servicio que nos solicita, conocer sus necesidades de productos o servicios y estar en posibilidad de ofrecerle los que m\u00e1s se adecuen a sus preferencias; comunicarle promociones, atender quejas y aclaraciones, y en su caso, tratarlos para fines compatibles con los mencionados en este Aviso de Privacidad y que se consideren an\u00e1logos para efectos legales, administraci\u00f3n, recursos humanos, n\u00f3mina y seguridad.<\/p><\/div><div><p>Programa Destinos M\u00e9xico no recaba datos sensibles, pero en su caso, Programa Destinos M\u00e9xico seguir\u00e1 el proceso establecido en la legislaci\u00f3n local.<\/p><\/div>\t\t\t\t\t\t\t\t<\/div>\n\t\t\t\t<\/div>\n\t\t\t\t<div class=\"elementor-element elementor-element-af70819 elementor-widget elementor-widget-text-editor\" data-id=\"af70819\" data-element_type=\"widget\" data-e-type=\"widget\" data-widget_type=\"text-editor.default\">\n\t\t\t\t<div class=\"elementor-widget-container\">\n\t\t\t\t\t\t\t\t\t<div><span style=\"text-decoration: underline;\"><b><span lang=\"ES-TRAD\">Transferencias de datos personales.<\/span><\/b><\/span><\/div><div><p>Programa Destinos M\u00e9xico, en caso de transferir sus datos personales a terceras personas, ser\u00e1 de conformidad con este Aviso de Privacidad y sujeto a medidas apropiadas de confidencialidad y seguridad. A menos de que objete la transferencia de sus datos personales a terceras personas, se entender\u00e1 que ha otorgado su consentimiento para ello.<\/p><\/div>\t\t\t\t\t\t\t\t<\/div>\n\t\t\t\t<\/div>\n\t\t\t\t<div class=\"elementor-element elementor-element-313802b elementor-widget elementor-widget-text-editor\" data-id=\"313802b\" data-element_type=\"widget\" data-e-type=\"widget\" data-widget_type=\"text-editor.default\">\n\t\t\t\t<div class=\"elementor-widget-container\">\n\t\t\t\t\t\t\t\t\t<div><span style=\"text-decoration: underline;\"><strong><span lang=\"ES-TRAD\">Sus derechos en relaci\u00f3n a sus datos:<\/span><\/strong><\/span><\/div><p>Usted tiene derechos en relaci\u00f3n a sus datos, tales como, el derecho a solicitar acceso, rectificaci\u00f3n, cancelaci\u00f3n y oposici\u00f3n de su informaci\u00f3n personal poni\u00e9ndose en contacto con la Persona Encargada de la Protecci\u00f3n de Datos Personales.<\/p><p>Para el ejercicio de dichos derechos, incluyendo la revocaci\u00f3n de su consentimiento, por favor contacte a la Persona Encargada de la Protecci\u00f3n de Datos Personales para que pueda dar tr\u00e1mite a su solicitud. Su solicitud escrita deber\u00e1 contener y acompa\u00f1ar lo siguiente:<\/p><ul><li>El nombre del titular y domicilio u otro medio para comunicarse con usted.<\/li><li>La documentaci\u00f3n que acredite la identidad del titular de la informaci\u00f3n o, en su caso, del representante legal del titular,<\/li><li>Una descripci\u00f3n clara y precisa de los datos personales y acci\u00f3n que se pretende.<\/li><li>Cualquier otra informaci\u00f3n o documento que facilite su solicitud.<\/li><li>Para el caso de las solicitudes de rectificaci\u00f3n, la documentaci\u00f3n espec\u00edfica que sustente su petici\u00f3n.<\/li><\/ul>\t\t\t\t\t\t\t\t<\/div>\n\t\t\t\t<\/div>\n\t\t\t\t<div class=\"elementor-element elementor-element-ba9cef4 elementor-widget elementor-widget-text-editor\" data-id=\"ba9cef4\" data-element_type=\"widget\" data-e-type=\"widget\" data-widget_type=\"text-editor.default\">\n\t\t\t\t<div class=\"elementor-widget-container\">\n\t\t\t\t\t\t\t\t\t<div><p><span style=\"text-decoration: underline;\"><strong>Uso y Divulgaci\u00f3n<\/strong><\/span><\/p><\/div><div><div><p>Programa Destinos M\u00e9xico cumple los principios de protecci\u00f3n de datos personales establecidos por la Ley. Arduinna y terceros trataran sus datos personales de una manera consistente con este Aviso de Privacidad.<\/p><\/div><\/div>\t\t\t\t\t\t\t\t<\/div>\n\t\t\t\t<\/div>\n\t\t\t\t<div class=\"elementor-element elementor-element-5d09563 elementor-widget elementor-widget-text-editor\" data-id=\"5d09563\" data-element_type=\"widget\" data-e-type=\"widget\" data-widget_type=\"text-editor.default\">\n\t\t\t\t<div class=\"elementor-widget-container\">\n\t\t\t\t\t\t\t\t\t<div><div><p><span style=\"text-decoration: underline;\"><strong>C\u00f3mo los datos pueden ser protegidos<\/strong><\/span><\/p><\/div><\/div><div><div><p>Como se indic\u00f3 anteriormente, su informaci\u00f3n personal seguir\u00e1 siendo procesada \u200b\u200bde acuerdo con la pol\u00edtica de seguridad de informaci\u00f3n de Programa Destinos M\u00e9xico y recibir\u00e1 al menos el nivel de protecci\u00f3n requerido por la ley.<\/p><\/div><\/div>\t\t\t\t\t\t\t\t<\/div>\n\t\t\t\t<\/div>\n\t\t\t\t<div class=\"elementor-element elementor-element-78716ed elementor-widget elementor-widget-text-editor\" data-id=\"78716ed\" data-element_type=\"widget\" data-e-type=\"widget\" data-widget_type=\"text-editor.default\">\n\t\t\t\t<div class=\"elementor-widget-container\">\n\t\t\t\t\t\t\t\t\t<div><div><p><span style=\"text-decoration: underline;\"><strong>Uso de mecanismos en medios remotos o locales de comunicaci\u00f3n electr\u00f3nica<\/strong><\/span><\/p><\/div><\/div><div><div><p>Hacemos de su conocimiento que existen ciertas tecnolog\u00edas o herramientas de recolecci\u00f3n de datos, como son las cookies o web beacons, las cuales permiten recabar informaci\u00f3n mientras usted interact\u00faa con cualquier sitio de internet y en particular, con el sitio de Programa Destinos M\u00e9xico. Su navegador transmite cierta informaci\u00f3n t\u00e9cnica que es posible recolectar, como es el tipo de navegador y el sistema operativo que utiliza, la direcci\u00f3n fuente de donde se origina la solicitud (direcci\u00f3n IP), el nombre del dominio, fecha y hora de la conexi\u00f3n, las secciones visitadas del sitio y los criterios de b\u00fasqueda usados.<\/p><\/div><\/div>\t\t\t\t\t\t\t\t<\/div>\n\t\t\t\t<\/div>\n\t\t\t\t<div class=\"elementor-element elementor-element-623d76e elementor-widget elementor-widget-text-editor\" data-id=\"623d76e\" data-element_type=\"widget\" data-e-type=\"widget\" data-widget_type=\"text-editor.default\">\n\t\t\t\t<div class=\"elementor-widget-container\">\n\t\t\t\t\t\t\t\t\t<div><div><p><span style=\"text-decoration: underline;\"><strong>Cambios al Aviso de Privacidad:<\/strong><\/span><\/p><\/div><\/div><div><div><p>Si hay alg\u00fan cambio en este Aviso de Privacidad se comunicar\u00e1, por escrito, por tel\u00e9fono, electr\u00f3nicamente o por cualquier otro medio o tecnolog\u00eda.<\/p><\/div><\/div>\t\t\t\t\t\t\t\t<\/div>\n\t\t\t\t<\/div>\n\t\t\t\t<\/div>\n\t\t\t\t<\/div>\n\t\t\t\t\t<\/div>\n\t\t\t\t<\/div>\n\t\t\t\t<\/div>","protected":false},"excerpt":{"rendered":"<p>Aviso de Privacidad El presente Aviso de Privacidad tiene como objeto informarle sobre el tratamiento que se le dar\u00e1 a sus datos personales cuando los mismos son recabados, utilizados, almacenados y\/o transferidos por Programa Destinos M\u00e9xico, lo cual se lleva a cabo de conformidad con las disposiciones de la Ley Federal de Protecci\u00f3n de Datos [&hellip;]<\/p>\n","protected":false},"author":2,"featured_media":91469,"parent":0,"menu_order":0,"comment_status":"closed","ping_status":"closed","template":"","meta":{"om_disable_all_campaigns":false,"_monsterinsights_skip_tracking":false,"_monsterinsights_sitenote_active":false,"_monsterinsights_sitenote_note":"","_monsterinsights_sitenote_category":0,"footnotes":""},"class_list":["post-91467","page","type-page","status-publish","has-post-thumbnail","hentry"],"_links":{"self":[{"href":"https:\/\/programadestinosmexico.com\/en\/wp-json\/wp\/v2\/pages\/91467","targetHints":{"allow":["GET"]}}],"collection":[{"href":"https:\/\/programadestinosmexico.com\/en\/wp-json\/wp\/v2\/pages"}],"about":[{"href":"https:\/\/programadestinosmexico.com\/en\/wp-json\/wp\/v2\/types\/page"}],"author":[{"embeddable":true,"href":"https:\/\/programadestinosmexico.com\/en\/wp-json\/wp\/v2\/users\/2"}],"replies":[{"embeddable":true,"href":"https:\/\/programadestinosmexico.com\/en\/wp-json\/wp\/v2\/comments?post=91467"}],"version-history":[{"count":9,"href":"https:\/\/programadestinosmexico.com\/en\/wp-json\/wp\/v2\/pages\/91467\/revisions"}],"predecessor-version":[{"id":101640,"href":"https:\/\/programadestinosmexico.com\/en\/wp-json\/wp\/v2\/pages\/91467\/revisions\/101640"}],"wp:featuredmedia":[{"embeddable":true,"href":"https:\/\/programadestinosmexico.com\/en\/wp-json\/wp\/v2\/media\/91469"}],"wp:attachment":[{"href":"https:\/\/programadestinosmexico.com\/en\/wp-json\/wp\/v2\/media?parent=91467"}],"curies":[{"name":"wp","href":"https:\/\/api.w.org\/{rel}","templated":true}]}}